{"id":458,"date":"2020-05-20T10:50:24","date_gmt":"2020-05-20T08:50:24","guid":{"rendered":"http:\/\/bubelartesa.com\/?post_type=product&#038;p=458"},"modified":"2025-07-21T07:20:08","modified_gmt":"2025-07-21T05:20:08","slug":"pasta-de-castana-e-centeo-eco-artesanal","status":"publish","type":"product","link":"https:\/\/bubela.gal\/castellano\/producto\/pasta-de-castana-e-centeo-eco-artesanal","title":{"rendered":"Pasta de Casta\u00f1a y Centeno Eco Artesanal"},"content":{"rendered":"<p>Pasta de Casta\u00f1a y Centeno Eco Artesanal<\/p>\n<p>Elaborada con Centeno y Casta\u00f1a gallega secada en secadero tradicional, de forma <a href=\"https:\/\/bubela.gal\/pastas-eco-bubela\">artesanal<\/a>, con moldes de bronce y secado lento a baja temperatura.<\/p>\n<p><a href=\"https:\/\/www.craega.es\/o-selo\/#o-selo\">De producci\u00f3n ecol\u00f3gica.<\/a> Cocci\u00f3n en 7 minutos.<\/p>\n<p>Consulta nuestras recetas:<\/p>\n<blockquote class=\"wp-embedded-content\" data-secret=\"cdukuBYlOV\"><p><a href=\"https:\/\/bubela.gal\/estache-bo\">Estache bo!<\/a><\/p><\/blockquote>\n<p><iframe class=\"wp-embedded-content\" sandbox=\"allow-scripts\" security=\"restricted\" style=\"position: absolute; visibility: hidden;\" title=\"&#8220;Estache bo!&#8221; &#8212; Bubela Artes\u00e1\" src=\"https:\/\/bubela.gal\/estache-bo\/embed#?secret=bTkZvBNbD3#?secret=cdukuBYlOV\" data-secret=\"cdukuBYlOV\" width=\"600\" height=\"338\" frameborder=\"0\" marginwidth=\"0\" marginheight=\"0\" scrolling=\"no\"><\/iframe><\/p>\n<p><a href=\"https:\/\/bubela.gal\/macarroncastana\">https:\/\/bubela.gal\/macarroncastana\u00a0<\/a><\/p>\n<p>Peso neto 400g y por kg.<\/p>\n<p>Los paquetes peque\u00f1os son servidos en cajas de 6, 12 e 24 uds, sola o combinada con cualquier otro producto de la tienda.<\/p>\n<p>Los graneles se sirven en sacos de 2k<\/p>","protected":false},"excerpt":{"rendered":"<p>Pasta de Casta\u00f1a y centeno artesanal ecol\u00f3gica. Cocci\u00f3n en 5 minutos. Peso neto 400g y por kilogramo.<\/p>","protected":false},"featured_media":459,"comment_status":"open","ping_status":"closed","template":"","meta":{"neve_meta_sidebar":"","neve_meta_container":"","neve_meta_enable_content_width":"off","neve_meta_content_width":70,"neve_meta_title_alignment":"","neve_meta_author_avatar":"","neve_post_elements_order":"","neve_meta_disable_header":"","neve_meta_disable_footer":"","neve_meta_disable_title":"","_themeisle_gutenberg_block_has_review":false},"product_brand":[],"product_cat":[26],"product_tag":[],"class_list":{"0":"post-458","1":"product","2":"type-product","3":"status-publish","4":"has-post-thumbnail","6":"product_cat-pastas-eco-artesanais","7":"pa_peso-400g","8":"pa_peso-pasta-granel-eco-artesanal-bubela","10":"first","11":"instock","12":"taxable","13":"shipping-taxable","14":"purchasable","15":"product-type-variable"},"jetpack_sharing_enabled":true,"_links":{"self":[{"href":"https:\/\/bubela.gal\/castellano\/wp-json\/wp\/v2\/product\/458","targetHints":{"allow":["GET"]}}],"collection":[{"href":"https:\/\/bubela.gal\/castellano\/wp-json\/wp\/v2\/product"}],"about":[{"href":"https:\/\/bubela.gal\/castellano\/wp-json\/wp\/v2\/types\/product"}],"replies":[{"embeddable":true,"href":"https:\/\/bubela.gal\/castellano\/wp-json\/wp\/v2\/comments?post=458"}],"version-history":[{"count":4,"href":"https:\/\/bubela.gal\/castellano\/wp-json\/wp\/v2\/product\/458\/revisions"}],"predecessor-version":[{"id":1501,"href":"https:\/\/bubela.gal\/castellano\/wp-json\/wp\/v2\/product\/458\/revisions\/1501"}],"wp:featuredmedia":[{"embeddable":true,"href":"https:\/\/bubela.gal\/castellano\/wp-json\/wp\/v2\/media\/459"}],"wp:attachment":[{"href":"https:\/\/bubela.gal\/castellano\/wp-json\/wp\/v2\/media?parent=458"}],"wp:term":[{"taxonomy":"product_brand","embeddable":true,"href":"https:\/\/bubela.gal\/castellano\/wp-json\/wp\/v2\/product_brand?post=458"},{"taxonomy":"product_cat","embeddable":true,"href":"https:\/\/bubela.gal\/castellano\/wp-json\/wp\/v2\/product_cat?post=458"},{"taxonomy":"product_tag","embeddable":true,"href":"https:\/\/bubela.gal\/castellano\/wp-json\/wp\/v2\/product_tag?post=458"}],"curies":[{"name":"wp","href":"https:\/\/api.w.org\/{rel}","templated":true}]}}