{"id":452,"date":"2020-05-20T10:42:09","date_gmt":"2020-05-20T08:42:09","guid":{"rendered":"http:\/\/bubelartesa.com\/?post_type=product&#038;p=452"},"modified":"2025-07-21T07:26:15","modified_gmt":"2025-07-21T05:26:15","slug":"pasta-centeo-integral-eco-artesanal","status":"publish","type":"product","link":"https:\/\/bubela.gal\/castellano\/producto\/pasta-centeo-integral-eco-artesanal","title":{"rendered":"Pasta Centeno Integral Eco Artesanal"},"content":{"rendered":"<p>Pasta de Centeno Integral Eco Artesanal<\/p>\n<p>Elaborada con Centeno integral, de forma <a href=\"https:\/\/bubela.gal\/pastas-eco-bubela\">artesanal<\/a>, con moldes de bronce y secado lento a baja temperatura.<\/p>\n<p><a href=\"https:\/\/www.craega.es\/o-selo\/#o-selo\">De producci\u00f3n ecol\u00f3gica.<\/a> Cocci\u00f3n en 7 minutos.<\/p>\n<p>Consulta nuestras recetas:<\/p>\n<blockquote class=\"wp-embedded-content\" data-secret=\"Zqex4Ica7K\"><p><a href=\"https:\/\/bubela.gal\/receita-pasta-centeo-e-soia\">Receta pasta de centeno con soja y verdura de temporada<\/a><\/p><\/blockquote>\n<p><iframe class=\"wp-embedded-content\" sandbox=\"allow-scripts\" security=\"restricted\" style=\"position: absolute; visibility: hidden;\" title=\"&#8220;Receita pasta de centeo con soia e verdura de tempada&#8221; &#8212; Bubela Artes\u00e1\" src=\"https:\/\/bubela.gal\/receita-pasta-centeo-e-soia\/embed#?secret=EzzBDZN4Ul#?secret=Zqex4Ica7K\" data-secret=\"Zqex4Ica7K\" width=\"600\" height=\"338\" frameborder=\"0\" marginwidth=\"0\" marginheight=\"0\" scrolling=\"no\"><\/iframe><\/p>\n<blockquote class=\"wp-embedded-content\" data-secret=\"zQK8uj5ZMK\"><p><a href=\"https:\/\/bubela.gal\/receta-pasta-centeo-cerveza-e-queixo-azul-vegano\">Parafusos (Fusillis) de CENTENO con salsa de queso azul de frutos secos y Cerveza Moura.<\/a><\/p><\/blockquote>\n<p><iframe class=\"wp-embedded-content\" sandbox=\"allow-scripts\" security=\"restricted\" style=\"position: absolute; visibility: hidden;\" title=\"&#8220;Parafusos de CENTEO con salsa de queixo azul de froitos secos e Cervexa Moura.&#8221; &#8212; Bubela Artes\u00e1\" src=\"https:\/\/bubela.gal\/receta-pasta-centeo-cerveza-e-queixo-azul-vegano\/embed#?secret=EXQRppofKg#?secret=zQK8uj5ZMK\" data-secret=\"zQK8uj5ZMK\" width=\"600\" height=\"338\" frameborder=\"0\" marginwidth=\"0\" marginheight=\"0\" scrolling=\"no\"><\/iframe><\/p>\n<p>Peso neto 400g y por kg.<\/p>\n<p>Los paquetes peque\u00f1os son servidos en cajas de 6, 12 e 24 uds, sola o combinada con cualquier otro producto de la tienda.<\/p>\n<p>Los graneles se sirven en sacos de 2k<\/p>","protected":false},"excerpt":{"rendered":"<p>Pasta de centeno integral<\/p>\n<p>Elaborada artesanalmente con centeno completo, sin refinar, y secado a baja temperatura durante largo tiempo,<\/p>\n<p>Sabor suave, nada \u00e1cido (a diferencia del pan, al que la fermentaci\u00f3n le aporta toques \u00e1cidos),\u00a0 saciante,  con todas las propiedades nutricionales del cereal, menor contenido en gluten que los trigos, incluido la Espelta<\/p>\n<p>Cocci\u00f3n en 5 minutos.<\/p>\n<p>Los paquetes peque\u00f1os son servidos en cajas de 6, 12 e 24 uds, sola o combinada con cualquier otro producto de la tienda.<\/p>\n<p>Os graneis s\u00e9rvense en sacos de 2kg<\/p>","protected":false},"featured_media":453,"comment_status":"open","ping_status":"closed","template":"","meta":{"neve_meta_sidebar":"","neve_meta_container":"","neve_meta_enable_content_width":"off","neve_meta_content_width":70,"neve_meta_title_alignment":"","neve_meta_author_avatar":"","neve_post_elements_order":"","neve_meta_disable_header":"","neve_meta_disable_footer":"","neve_meta_disable_title":"","_themeisle_gutenberg_block_has_review":false},"product_brand":[],"product_cat":[26],"product_tag":[],"class_list":{"0":"post-452","1":"product","2":"type-product","3":"status-publish","4":"has-post-thumbnail","6":"product_cat-pastas-eco-artesanais","7":"pa_peso-400g","8":"pa_peso-pasta-granel-eco-artesanal-bubela","10":"first","11":"instock","12":"taxable","13":"shipping-taxable","14":"purchasable","15":"product-type-variable"},"jetpack_sharing_enabled":true,"_links":{"self":[{"href":"https:\/\/bubela.gal\/castellano\/wp-json\/wp\/v2\/product\/452","targetHints":{"allow":["GET"]}}],"collection":[{"href":"https:\/\/bubela.gal\/castellano\/wp-json\/wp\/v2\/product"}],"about":[{"href":"https:\/\/bubela.gal\/castellano\/wp-json\/wp\/v2\/types\/product"}],"replies":[{"embeddable":true,"href":"https:\/\/bubela.gal\/castellano\/wp-json\/wp\/v2\/comments?post=452"}],"version-history":[{"count":2,"href":"https:\/\/bubela.gal\/castellano\/wp-json\/wp\/v2\/product\/452\/revisions"}],"predecessor-version":[{"id":1506,"href":"https:\/\/bubela.gal\/castellano\/wp-json\/wp\/v2\/product\/452\/revisions\/1506"}],"wp:featuredmedia":[{"embeddable":true,"href":"https:\/\/bubela.gal\/castellano\/wp-json\/wp\/v2\/media\/453"}],"wp:attachment":[{"href":"https:\/\/bubela.gal\/castellano\/wp-json\/wp\/v2\/media?parent=452"}],"wp:term":[{"taxonomy":"product_brand","embeddable":true,"href":"https:\/\/bubela.gal\/castellano\/wp-json\/wp\/v2\/product_brand?post=452"},{"taxonomy":"product_cat","embeddable":true,"href":"https:\/\/bubela.gal\/castellano\/wp-json\/wp\/v2\/product_cat?post=452"},{"taxonomy":"product_tag","embeddable":true,"href":"https:\/\/bubela.gal\/castellano\/wp-json\/wp\/v2\/product_tag?post=452"}],"curies":[{"name":"wp","href":"https:\/\/api.w.org\/{rel}","templated":true}]}}