{"id":315,"date":"2020-05-04T09:33:01","date_gmt":"2020-05-04T09:33:01","guid":{"rendered":"http:\/\/bubelartesa.com\/?page_id=315"},"modified":"2024-03-18T18:53:01","modified_gmt":"2024-03-18T16:53:01","slug":"cervexas-eco-bubela","status":"publish","type":"page","link":"https:\/\/bubela.gal\/castellano\/cervexas-eco-bubela","title":{"rendered":"Cerveza"},"content":{"rendered":"<div data-elementor-type=\"wp-page\" data-elementor-id=\"315\" class=\"elementor elementor-315\">\n\t\t\t\t\t\t<section class=\"elementor-section elementor-top-section elementor-element elementor-element-e13c9a7 elementor-section-height-min-height elementor-section-boxed elementor-section-height-default elementor-section-items-middle\" data-id=\"e13c9a7\" data-element_type=\"section\" data-e-type=\"section\" data-settings=\"{&quot;background_background&quot;:&quot;classic&quot;}\">\n\t\t\t\t\t\t\t<div class=\"elementor-background-overlay\"><\/div>\n\t\t\t\t\t\t\t<div class=\"elementor-container elementor-column-gap-default\">\n\t\t\t\t\t<div class=\"elementor-column elementor-col-100 elementor-top-column elementor-element elementor-element-894eaf0\" data-id=\"894eaf0\" data-element_type=\"column\" data-e-type=\"column\">\n\t\t\t<div class=\"elementor-widget-wrap elementor-element-populated\">\n\t\t\t\t\t\t<div class=\"elementor-element elementor-element-61bd36d elementor-widget elementor-widget-heading\" data-id=\"61bd36d\" data-element_type=\"widget\" data-e-type=\"widget\" data-widget_type=\"heading.default\">\n\t\t\t\t<div class=\"elementor-widget-container\">\n\t\t\t\t\t<h1 class=\"elementor-heading-title elementor-size-default\">cerveza artesanal eco<\/h1>\t\t\t\t<\/div>\n\t\t\t\t<\/div>\n\t\t\t\t<div class=\"elementor-element elementor-element-58064ba elementor-widget elementor-widget-text-editor\" data-id=\"58064ba\" data-element_type=\"widget\" data-e-type=\"widget\" data-widget_type=\"text-editor.default\">\n\t\t\t\t<div class=\"elementor-widget-container\">\n\t\t\t\t\t\t\t\t\t<p>Elaboramos nuestras cervezas en Lugo, siguiendo las t\u00e9cnicas tradicionales, con los mejores ingredientes, procedentes de agricultura ecol\u00f3gica, lentamente y cuidando todo el proceso.<\/p><div>El resultado son 6 estilos con car\u00e1cter galego. Bubela Minh\u00e1, Bubela Trigo, Bubela Torrada, Bubela Moura, Bubela Totem e Espresso.<\/div>\t\t\t\t\t\t\t\t<\/div>\n\t\t\t\t<\/div>\n\t\t\t\t\t<\/div>\n\t\t<\/div>\n\t\t\t\t\t<\/div>\n\t\t<\/section>\n\t\t\t\t<section class=\"elementor-section elementor-top-section elementor-element elementor-element-0315f0e elementor-section-boxed elementor-section-height-default elementor-section-height-default\" data-id=\"0315f0e\" data-element_type=\"section\" data-e-type=\"section\">\n\t\t\t\t\t\t<div class=\"elementor-container elementor-column-gap-default\">\n\t\t\t\t\t<div class=\"elementor-column elementor-col-100 elementor-top-column elementor-element elementor-element-4c410d0\" data-id=\"4c410d0\" data-element_type=\"column\" data-e-type=\"column\">\n\t\t\t<div class=\"elementor-widget-wrap elementor-element-populated\">\n\t\t\t\t\t\t<div class=\"elementor-element elementor-element-03d3f58 elementor-widget elementor-widget-spacer\" data-id=\"03d3f58\" data-element_type=\"widget\" data-e-type=\"widget\" data-widget_type=\"spacer.default\">\n\t\t\t\t<div class=\"elementor-widget-container\">\n\t\t\t\t\t\t\t<div class=\"elementor-spacer\">\n\t\t\t<div class=\"elementor-spacer-inner\"><\/div>\n\t\t<\/div>\n\t\t\t\t\t\t<\/div>\n\t\t\t\t<\/div>\n\t\t\t\t\t<\/div>\n\t\t<\/div>\n\t\t\t\t\t<\/div>\n\t\t<\/section>\n\t\t\t\t<section class=\"elementor-section elementor-top-section elementor-element elementor-element-1cdfb45 elementor-section-boxed elementor-section-height-default elementor-section-height-default\" data-id=\"1cdfb45\" data-element_type=\"section\" data-e-type=\"section\">\n\t\t\t\t\t\t<div class=\"elementor-container elementor-column-gap-no\">\n\t\t\t\t\t<div class=\"elementor-column elementor-col-33 elementor-top-column elementor-element elementor-element-cc27f0d\" data-id=\"cc27f0d\" data-element_type=\"column\" data-e-type=\"column\">\n\t\t\t<div class=\"elementor-widget-wrap elementor-element-populated\">\n\t\t\t\t\t\t<div class=\"elementor-element elementor-element-1b70354 elementor-position-top elementor-widget elementor-widget-image-box\" data-id=\"1b70354\" data-element_type=\"widget\" data-e-type=\"widget\" data-widget_type=\"image-box.default\">\n\t\t\t\t<div class=\"elementor-widget-container\">\n\t\t\t\t\t<div class=\"elementor-image-box-wrapper\"><figure class=\"elementor-image-box-img\"><a href=\"https:\/\/bubela.gal\/producto\/bubela-minha-eco\" tabindex=\"-1\"><img fetchpriority=\"high\" decoding=\"async\" width=\"1800\" height=\"1920\" src=\"https:\/\/bubela.gal\/wp-content\/uploads\/2024\/03\/MINHA-CON-VASO-web-scaled.jpg\" class=\"elementor-animation-grow attachment-full size-full wp-image-1394\" alt=\"Cervexa Bubela Minh\u00e1 Eco Artesanal\" srcset=\"https:\/\/bubela.gal\/wp-content\/uploads\/2024\/03\/MINHA-CON-VASO-web-scaled.jpg 1800w, https:\/\/bubela.gal\/wp-content\/uploads\/2024\/03\/MINHA-CON-VASO-web-281x300.jpg 281w, https:\/\/bubela.gal\/wp-content\/uploads\/2024\/03\/MINHA-CON-VASO-web-960x1024.jpg 960w, https:\/\/bubela.gal\/wp-content\/uploads\/2024\/03\/MINHA-CON-VASO-web-768x819.jpg 768w, https:\/\/bubela.gal\/wp-content\/uploads\/2024\/03\/MINHA-CON-VASO-web-1440x1536.jpg 1440w, https:\/\/bubela.gal\/wp-content\/uploads\/2024\/03\/MINHA-CON-VASO-web-1920x2048.jpg 1920w, https:\/\/bubela.gal\/wp-content\/uploads\/2024\/03\/MINHA-CON-VASO-web-11x12.jpg 11w, https:\/\/bubela.gal\/wp-content\/uploads\/2024\/03\/MINHA-CON-VASO-web-600x640.jpg 600w\" sizes=\"(max-width: 1800px) 100vw, 1800px\" \/><\/a><\/figure><\/div>\t\t\t\t<\/div>\n\t\t\t\t<\/div>\n\t\t\t\t\t<\/div>\n\t\t<\/div>\n\t\t\t\t<div class=\"elementor-column elementor-col-33 elementor-top-column elementor-element elementor-element-82490f0\" data-id=\"82490f0\" data-element_type=\"column\" data-e-type=\"column\">\n\t\t\t<div class=\"elementor-widget-wrap elementor-element-populated\">\n\t\t\t\t\t\t<div class=\"elementor-element elementor-element-d01c6d0 elementor-position-top elementor-widget elementor-widget-image-box\" data-id=\"d01c6d0\" data-element_type=\"widget\" data-e-type=\"widget\" data-widget_type=\"image-box.default\">\n\t\t\t\t<div class=\"elementor-widget-container\">\n\t\t\t\t\t<div class=\"elementor-image-box-wrapper\"><figure class=\"elementor-image-box-img\"><a href=\"https:\/\/bubela.gal\/producto\/bubela-trigo\" tabindex=\"-1\"><img decoding=\"async\" width=\"1440\" height=\"1536\" src=\"https:\/\/bubela.gal\/wp-content\/uploads\/2024\/01\/Trigo-CON-VASO-1440x1536.jpg\" class=\"elementor-animation-grow attachment-1536x1536 size-1536x1536 wp-image-1359\" alt=\"Cervexa Bubela Trigo Eco Artesanal\" srcset=\"https:\/\/bubela.gal\/wp-content\/uploads\/2024\/01\/Trigo-CON-VASO-1440x1536.jpg 1440w, https:\/\/bubela.gal\/wp-content\/uploads\/2024\/01\/Trigo-CON-VASO-281x300.jpg 281w, https:\/\/bubela.gal\/wp-content\/uploads\/2024\/01\/Trigo-CON-VASO-960x1024.jpg 960w, https:\/\/bubela.gal\/wp-content\/uploads\/2024\/01\/Trigo-CON-VASO-768x819.jpg 768w, https:\/\/bubela.gal\/wp-content\/uploads\/2024\/01\/Trigo-CON-VASO-1920x2048.jpg 1920w, https:\/\/bubela.gal\/wp-content\/uploads\/2024\/01\/Trigo-CON-VASO-11x12.jpg 11w, https:\/\/bubela.gal\/wp-content\/uploads\/2024\/01\/Trigo-CON-VASO-600x640.jpg 600w, https:\/\/bubela.gal\/wp-content\/uploads\/2024\/01\/Trigo-CON-VASO.jpg 1800w\" sizes=\"(max-width: 1440px) 100vw, 1440px\" \/><\/a><\/figure><\/div>\t\t\t\t<\/div>\n\t\t\t\t<\/div>\n\t\t\t\t\t<\/div>\n\t\t<\/div>\n\t\t\t\t<div class=\"elementor-column elementor-col-33 elementor-top-column elementor-element elementor-element-738e68a\" data-id=\"738e68a\" data-element_type=\"column\" data-e-type=\"column\">\n\t\t\t<div class=\"elementor-widget-wrap elementor-element-populated\">\n\t\t\t\t\t\t<div class=\"elementor-element elementor-element-44ec4cd elementor-position-top elementor-widget elementor-widget-image-box\" data-id=\"44ec4cd\" data-element_type=\"widget\" data-e-type=\"widget\" data-settings=\"{&quot;_animation&quot;:&quot;none&quot;}\" data-widget_type=\"image-box.default\">\n\t\t\t\t<div class=\"elementor-widget-container\">\n\t\t\t\t\t<div class=\"elementor-image-box-wrapper\"><figure class=\"elementor-image-box-img\"><a href=\"https:\/\/bubela.gal\/producto\/cervexa-bubela-totem-eco\" tabindex=\"-1\"><img decoding=\"async\" width=\"1800\" height=\"1920\" src=\"https:\/\/bubela.gal\/wp-content\/uploads\/2024\/01\/TOTEM-CON-VASO.jpg\" class=\"elementor-animation-grow attachment-full size-full wp-image-1355\" alt=\"Cervexa Bubela Totem Eco Artesanal (IPA)\" srcset=\"https:\/\/bubela.gal\/wp-content\/uploads\/2024\/01\/TOTEM-CON-VASO.jpg 1800w, https:\/\/bubela.gal\/wp-content\/uploads\/2024\/01\/TOTEM-CON-VASO-281x300.jpg 281w, https:\/\/bubela.gal\/wp-content\/uploads\/2024\/01\/TOTEM-CON-VASO-960x1024.jpg 960w, https:\/\/bubela.gal\/wp-content\/uploads\/2024\/01\/TOTEM-CON-VASO-768x819.jpg 768w, https:\/\/bubela.gal\/wp-content\/uploads\/2024\/01\/TOTEM-CON-VASO-1440x1536.jpg 1440w, https:\/\/bubela.gal\/wp-content\/uploads\/2024\/01\/TOTEM-CON-VASO-1920x2048.jpg 1920w, https:\/\/bubela.gal\/wp-content\/uploads\/2024\/01\/TOTEM-CON-VASO-11x12.jpg 11w, https:\/\/bubela.gal\/wp-content\/uploads\/2024\/01\/TOTEM-CON-VASO-600x640.jpg 600w\" sizes=\"(max-width: 1800px) 100vw, 1800px\" \/><\/a><\/figure><\/div>\t\t\t\t<\/div>\n\t\t\t\t<\/div>\n\t\t\t\t\t<\/div>\n\t\t<\/div>\n\t\t\t\t\t<\/div>\n\t\t<\/section>\n\t\t\t\t<section class=\"elementor-section elementor-top-section elementor-element elementor-element-d8253f0 elementor-section-boxed elementor-section-height-default elementor-section-height-default\" data-id=\"d8253f0\" data-element_type=\"section\" data-e-type=\"section\">\n\t\t\t\t\t\t<div class=\"elementor-container elementor-column-gap-no\">\n\t\t\t\t\t<div class=\"elementor-column elementor-col-33 elementor-top-column elementor-element elementor-element-cbef332\" data-id=\"cbef332\" data-element_type=\"column\" data-e-type=\"column\">\n\t\t\t<div class=\"elementor-widget-wrap elementor-element-populated\">\n\t\t\t\t\t\t<div class=\"elementor-element elementor-element-765c7d3 elementor-position-top elementor-widget elementor-widget-image-box\" data-id=\"765c7d3\" data-element_type=\"widget\" data-e-type=\"widget\" data-widget_type=\"image-box.default\">\n\t\t\t\t<div class=\"elementor-widget-container\">\n\t\t\t\t\t<div class=\"elementor-image-box-wrapper\"><figure class=\"elementor-image-box-img\"><a href=\"https:\/\/bubela.gal\/producto\/cervexa-bubela-torrada-eco\" tabindex=\"-1\"><img loading=\"lazy\" decoding=\"async\" width=\"1800\" height=\"1920\" src=\"https:\/\/bubela.gal\/wp-content\/uploads\/2024\/01\/TORRADA-CON-VASO2-1.jpg\" class=\"elementor-animation-grow attachment-full size-full wp-image-1369\" alt=\"Cervexa Bubela Torrada Eco Artesanal\" srcset=\"https:\/\/bubela.gal\/wp-content\/uploads\/2024\/01\/TORRADA-CON-VASO2-1.jpg 1800w, https:\/\/bubela.gal\/wp-content\/uploads\/2024\/01\/TORRADA-CON-VASO2-1-281x300.jpg 281w, https:\/\/bubela.gal\/wp-content\/uploads\/2024\/01\/TORRADA-CON-VASO2-1-960x1024.jpg 960w, https:\/\/bubela.gal\/wp-content\/uploads\/2024\/01\/TORRADA-CON-VASO2-1-768x819.jpg 768w, https:\/\/bubela.gal\/wp-content\/uploads\/2024\/01\/TORRADA-CON-VASO2-1-1440x1536.jpg 1440w, https:\/\/bubela.gal\/wp-content\/uploads\/2024\/01\/TORRADA-CON-VASO2-1-1920x2048.jpg 1920w, https:\/\/bubela.gal\/wp-content\/uploads\/2024\/01\/TORRADA-CON-VASO2-1-11x12.jpg 11w, https:\/\/bubela.gal\/wp-content\/uploads\/2024\/01\/TORRADA-CON-VASO2-1-600x640.jpg 600w\" sizes=\"(max-width: 1800px) 100vw, 1800px\" \/><\/a><\/figure><\/div>\t\t\t\t<\/div>\n\t\t\t\t<\/div>\n\t\t\t\t\t<\/div>\n\t\t<\/div>\n\t\t\t\t<div class=\"elementor-column elementor-col-33 elementor-top-column elementor-element elementor-element-4636093\" data-id=\"4636093\" data-element_type=\"column\" data-e-type=\"column\">\n\t\t\t<div class=\"elementor-widget-wrap elementor-element-populated\">\n\t\t\t\t\t\t<div class=\"elementor-element elementor-element-c1074c4 elementor-position-top elementor-widget elementor-widget-image-box\" data-id=\"c1074c4\" data-element_type=\"widget\" data-e-type=\"widget\" data-widget_type=\"image-box.default\">\n\t\t\t\t<div class=\"elementor-widget-container\">\n\t\t\t\t\t<div class=\"elementor-image-box-wrapper\"><figure class=\"elementor-image-box-img\"><a href=\"https:\/\/bubela.gal\/producto\/bubela-moura-eco\" tabindex=\"-1\"><img loading=\"lazy\" decoding=\"async\" width=\"1800\" height=\"1920\" src=\"https:\/\/bubela.gal\/wp-content\/uploads\/2024\/01\/MOURA-CON-VASO1.jpg\" class=\"elementor-animation-grow attachment-full size-full wp-image-1357\" alt=\"Cervexa Bubela Moura Eco Artesanal\" srcset=\"https:\/\/bubela.gal\/wp-content\/uploads\/2024\/01\/MOURA-CON-VASO1.jpg 1800w, https:\/\/bubela.gal\/wp-content\/uploads\/2024\/01\/MOURA-CON-VASO1-281x300.jpg 281w, https:\/\/bubela.gal\/wp-content\/uploads\/2024\/01\/MOURA-CON-VASO1-960x1024.jpg 960w, https:\/\/bubela.gal\/wp-content\/uploads\/2024\/01\/MOURA-CON-VASO1-768x819.jpg 768w, https:\/\/bubela.gal\/wp-content\/uploads\/2024\/01\/MOURA-CON-VASO1-1440x1536.jpg 1440w, https:\/\/bubela.gal\/wp-content\/uploads\/2024\/01\/MOURA-CON-VASO1-1920x2048.jpg 1920w, https:\/\/bubela.gal\/wp-content\/uploads\/2024\/01\/MOURA-CON-VASO1-11x12.jpg 11w, https:\/\/bubela.gal\/wp-content\/uploads\/2024\/01\/MOURA-CON-VASO1-600x640.jpg 600w\" sizes=\"(max-width: 1800px) 100vw, 1800px\" \/><\/a><\/figure><\/div>\t\t\t\t<\/div>\n\t\t\t\t<\/div>\n\t\t\t\t\t<\/div>\n\t\t<\/div>\n\t\t\t\t<div class=\"elementor-column elementor-col-33 elementor-top-column elementor-element elementor-element-3b983fa\" data-id=\"3b983fa\" data-element_type=\"column\" data-e-type=\"column\">\n\t\t\t<div class=\"elementor-widget-wrap elementor-element-populated\">\n\t\t\t\t\t\t<div class=\"elementor-element elementor-element-b103f59 elementor-position-top elementor-widget elementor-widget-image-box\" data-id=\"b103f59\" data-element_type=\"widget\" data-e-type=\"widget\" data-widget_type=\"image-box.default\">\n\t\t\t\t<div class=\"elementor-widget-container\">\n\t\t\t\t\t<div class=\"elementor-image-box-wrapper\"><figure class=\"elementor-image-box-img\"><a href=\"https:\/\/bubela.gal\/producto\/bubela-espresso-eco\" tabindex=\"-1\"><img loading=\"lazy\" decoding=\"async\" width=\"1800\" height=\"1920\" src=\"https:\/\/bubela.gal\/wp-content\/uploads\/2024\/01\/ESPRESSO-CON-VASO.jpg\" class=\"elementor-animation-grow attachment-full size-full wp-image-1360\" alt=\"\" srcset=\"https:\/\/bubela.gal\/wp-content\/uploads\/2024\/01\/ESPRESSO-CON-VASO.jpg 1800w, https:\/\/bubela.gal\/wp-content\/uploads\/2024\/01\/ESPRESSO-CON-VASO-281x300.jpg 281w, https:\/\/bubela.gal\/wp-content\/uploads\/2024\/01\/ESPRESSO-CON-VASO-960x1024.jpg 960w, https:\/\/bubela.gal\/wp-content\/uploads\/2024\/01\/ESPRESSO-CON-VASO-768x819.jpg 768w, https:\/\/bubela.gal\/wp-content\/uploads\/2024\/01\/ESPRESSO-CON-VASO-1440x1536.jpg 1440w, https:\/\/bubela.gal\/wp-content\/uploads\/2024\/01\/ESPRESSO-CON-VASO-1920x2048.jpg 1920w, https:\/\/bubela.gal\/wp-content\/uploads\/2024\/01\/ESPRESSO-CON-VASO-11x12.jpg 11w, https:\/\/bubela.gal\/wp-content\/uploads\/2024\/01\/ESPRESSO-CON-VASO-600x640.jpg 600w\" sizes=\"(max-width: 1800px) 100vw, 1800px\" \/><\/a><\/figure><\/div>\t\t\t\t<\/div>\n\t\t\t\t<\/div>\n\t\t\t\t\t<\/div>\n\t\t<\/div>\n\t\t\t\t\t<\/div>\n\t\t<\/section>\n\t\t\t\t<section class=\"elementor-section elementor-top-section elementor-element elementor-element-4a537bd elementor-section-boxed elementor-section-height-default elementor-section-height-default\" data-id=\"4a537bd\" data-element_type=\"section\" data-e-type=\"section\">\n\t\t\t\t\t\t<div class=\"elementor-container elementor-column-gap-default\">\n\t\t\t\t\t<div class=\"elementor-column elementor-col-100 elementor-top-column elementor-element elementor-element-f23a971\" data-id=\"f23a971\" data-element_type=\"column\" data-e-type=\"column\">\n\t\t\t<div class=\"elementor-widget-wrap elementor-element-populated\">\n\t\t\t\t\t\t<div class=\"elementor-element elementor-element-c1849c4 elementor-widget elementor-widget-spacer\" data-id=\"c1849c4\" data-element_type=\"widget\" data-e-type=\"widget\" data-widget_type=\"spacer.default\">\n\t\t\t\t<div class=\"elementor-widget-container\">\n\t\t\t\t\t\t\t<div class=\"elementor-spacer\">\n\t\t\t<div class=\"elementor-spacer-inner\"><\/div>\n\t\t<\/div>\n\t\t\t\t\t\t<\/div>\n\t\t\t\t<\/div>\n\t\t\t\t<div class=\"elementor-element elementor-element-4710f9b elementor-widget elementor-widget-heading\" data-id=\"4710f9b\" data-element_type=\"widget\" data-e-type=\"widget\" data-widget_type=\"heading.default\">\n\t\t\t\t<div class=\"elementor-widget-container\">\n\t\t\t\t\t<h2 class=\"elementor-heading-title elementor-size-default\">Caracter\u00edsticas<\/h2>\t\t\t\t<\/div>\n\t\t\t\t<\/div>\n\t\t\t\t<div class=\"elementor-element elementor-element-72bb7ec elementor-widget elementor-widget-text-editor\" data-id=\"72bb7ec\" data-element_type=\"widget\" data-e-type=\"widget\" data-widget_type=\"text-editor.default\">\n\t\t\t\t<div class=\"elementor-widget-container\">\n\t\t\t\t\t\t\t\t\t<p>as\u00ed son as nosas cervexas<\/p>\t\t\t\t\t\t\t\t<\/div>\n\t\t\t\t<\/div>\n\t\t\t\t<div class=\"elementor-element elementor-element-8bd9b38 elementor-widget elementor-widget-spacer\" data-id=\"8bd9b38\" data-element_type=\"widget\" data-e-type=\"widget\" data-widget_type=\"spacer.default\">\n\t\t\t\t<div class=\"elementor-widget-container\">\n\t\t\t\t\t\t\t<div class=\"elementor-spacer\">\n\t\t\t<div class=\"elementor-spacer-inner\"><\/div>\n\t\t<\/div>\n\t\t\t\t\t\t<\/div>\n\t\t\t\t<\/div>\n\t\t\t\t\t<\/div>\n\t\t<\/div>\n\t\t\t\t\t<\/div>\n\t\t<\/section>\n\t\t\t\t<section class=\"elementor-section elementor-top-section elementor-element elementor-element-0f655b5 elementor-section-boxed elementor-section-height-default elementor-section-height-default\" data-id=\"0f655b5\" data-element_type=\"section\" data-e-type=\"section\">\n\t\t\t\t\t\t<div class=\"elementor-container elementor-column-gap-default\">\n\t\t\t\t\t<div class=\"elementor-column elementor-col-100 elementor-top-column elementor-element elementor-element-8142138\" data-id=\"8142138\" data-element_type=\"column\" data-e-type=\"column\">\n\t\t\t<div class=\"elementor-widget-wrap elementor-element-populated\">\n\t\t\t\t\t\t<div class=\"elementor-element elementor-element-c2d18f7 obfx-position-top elementor-widget elementor-widget-obfx-services\" data-id=\"c2d18f7\" data-element_type=\"widget\" data-e-type=\"widget\" data-widget_type=\"obfx-services.default\">\n\t\t\t\t<div class=\"elementor-widget-container\">\n\t\t\t\t\t<div class=\"obfx-grid\"><div class=\"obfx-grid-container obfx-grid-desktop-2\">\t\t\t<div class=\"obfx-grid-wrapper\">\n\t\t\t\t\t\t\t\t<div class=\"obfx-service-box obfx-grid-col\">\n\t\t\t\t\t<span class=\"obfx-icon-wrap\"><i class=\"obfx-icon fas fa-fingerprint\" aria-hidden=\"true\" style=\"color:#333333\"><\/i><\/span>\t\t\t\t\t\t<div class=\"obfx-service-box-content\">\n\t\t\t\t\t\t\t\t\t\t\t\t\t\t\t<h4 class=\"obfx-service-title\">artesanales<\/h4>\n\t\t\t\t\t\t\t\t\t\t\t\t\t\t\t\t<p class=\"obfx-service-text\">Cervezas craft, elaboraciones con t\u00e9cnicas tradicionales<\/p>\n\t\t\t\t\t\t\t\t\t\t\t\t\t<\/div>\n\t\t\t\t\t\t\t\t\t<\/div>\n\t\t\t\t<\/a>\t\t\t<\/div>\n\t\t\t\t\t\t<div class=\"obfx-grid-wrapper\">\n\t\t\t\t\t\t\t\t<div class=\"obfx-service-box obfx-grid-col\">\n\t\t\t\t\t\t\t\t\t\t\t<span class=\"obfx-image-wrap\"><img decoding=\"async\" class=\"obfx-image\" src=\"https:\/\/bubela.gal\/wp-content\/uploads\/2020\/05\/logoue2.png\" alt=\"\"\/><\/span>\n\t\t\t\t\t\t\t\t\t\t\t\t<div class=\"obfx-service-box-content\">\n\t\t\t\t\t\t\t\t\t\t\t\t\t\t\t<h4 class=\"obfx-service-title\">ecol\u00f3gicas<\/h4>\n\t\t\t\t\t\t\t\t\t\t\t\t\t\t\t\t<p class=\"obfx-service-text\">Todos los ingredientes\nempleados proceden\nde aprovechamientos ecol\u00f3gicos<\/p>\n\t\t\t\t\t\t\t\t\t\t\t\t\t<\/div>\n\t\t\t\t\t\t\t\t\t<\/div>\n\t\t\t\t<\/a>\t\t\t<\/div>\n\t\t\t\t\t\t<div class=\"obfx-grid-wrapper\">\n\t\t\t\t\t\t\t\t<div class=\"obfx-service-box obfx-grid-col\">\n\t\t\t\t\t<span class=\"obfx-icon-wrap\"><i class=\"obfx-icon fas fa-seedling\" aria-hidden=\"true\" style=\"color:#333333\"><\/i><\/span>\t\t\t\t\t\t<div class=\"obfx-service-box-content\">\n\t\t\t\t\t\t\t\t\t\t\t\t\t\t\t<h4 class=\"obfx-service-title\">galegas<\/h4>\n\t\t\t\t\t\t\t\t\t\t\t\t\t\t\t\t<p class=\"obfx-service-text\">Elaboradas en Lugo<\/p>\n\t\t\t\t\t\t\t\t\t\t\t\t\t<\/div>\n\t\t\t\t\t\t\t\t\t<\/div>\n\t\t\t\t<\/a>\t\t\t<\/div>\n\t\t\t\t\t\t<div class=\"obfx-grid-wrapper\">\n\t\t\t\t\t\t\t\t<div class=\"obfx-service-box obfx-grid-col\">\n\t\t\t\t\t\t\t\t\t\t\t<span class=\"obfx-image-wrap\"><img decoding=\"async\" class=\"obfx-image\" src=\"https:\/\/bubela.gal\/wp-content\/uploads\/2020\/06\/bubela-pastascervexasveganas.png\" alt=\"\"\/><\/span>\n\t\t\t\t\t\t\t\t\t\t\t\t<div class=\"obfx-service-box-content\">\n\t\t\t\t\t\t\t\t\t\t\t\t\t\t\t<h4 class=\"obfx-service-title\">veganas<\/h4>\n\t\t\t\t\t\t\t\t\t\t\t\t\t\t\t\t<p class=\"obfx-service-text\">Libres de ingredientes de origen animal<\/p>\n\t\t\t\t\t\t\t\t\t\t\t\t\t<\/div>\n\t\t\t\t\t\t\t\t\t<\/div>\n\t\t\t\t<\/a>\t\t\t<\/div>\n\t\t\t<\/div><\/div>\t\t\t\t<\/div>\n\t\t\t\t<\/div>\n\t\t\t\t<div class=\"elementor-element elementor-element-041810e elementor-widget elementor-widget-spacer\" data-id=\"041810e\" data-element_type=\"widget\" data-e-type=\"widget\" data-widget_type=\"spacer.default\">\n\t\t\t\t<div class=\"elementor-widget-container\">\n\t\t\t\t\t\t\t<div class=\"elementor-spacer\">\n\t\t\t<div class=\"elementor-spacer-inner\"><\/div>\n\t\t<\/div>\n\t\t\t\t\t\t<\/div>\n\t\t\t\t<\/div>\n\t\t\t\t\t<\/div>\n\t\t<\/div>\n\t\t\t\t\t<\/div>\n\t\t<\/section>\n\t\t\t\t<\/div>","protected":false},"excerpt":{"rendered":"<p>cervexa artesanal eco Elaboramos as nosas cervexas en Lugo, seguindo as t\u00e9cnicas tradicionais, cos mellores ingredientes, procedentes de agricultura ecol\u00f3xica, paseni\u00f1amente e coidando todo o proceso. O resultado son 6 estilos con caracter galego. Bubela Minh\u00e1, Bubela Trigo, Bubela Torrada, Bubela Moura, Bubela Totem e Espresso. Caracter\u00edsticas as\u00ed son as nosas cervexas artesanais Cervexas craft,&hellip;&nbsp;<a href=\"https:\/\/bubela.gal\/castellano\/cervexas-eco-bubela\" rel=\"bookmark\">Leer m\u00e1s &raquo;<span class=\"screen-reader-text\">Cerveza<\/span><\/a><\/p>","protected":false},"author":1,"featured_media":539,"parent":0,"menu_order":0,"comment_status":"closed","ping_status":"closed","template":"","meta":{"neve_meta_sidebar":"full-width","neve_meta_container":"","neve_meta_enable_content_width":"on","neve_meta_content_width":100,"neve_meta_title_alignment":"","neve_meta_author_avatar":"","neve_post_elements_order":"","neve_meta_disable_header":"","neve_meta_disable_footer":"","neve_meta_disable_title":"on","_themeisle_gutenberg_block_has_review":false,"footnotes":""},"class_list":["post-315","page","type-page","status-publish","has-post-thumbnail","hentry"],"jetpack_sharing_enabled":true,"_links":{"self":[{"href":"https:\/\/bubela.gal\/castellano\/wp-json\/wp\/v2\/pages\/315","targetHints":{"allow":["GET"]}}],"collection":[{"href":"https:\/\/bubela.gal\/castellano\/wp-json\/wp\/v2\/pages"}],"about":[{"href":"https:\/\/bubela.gal\/castellano\/wp-json\/wp\/v2\/types\/page"}],"author":[{"embeddable":true,"href":"https:\/\/bubela.gal\/castellano\/wp-json\/wp\/v2\/users\/1"}],"replies":[{"embeddable":true,"href":"https:\/\/bubela.gal\/castellano\/wp-json\/wp\/v2\/comments?post=315"}],"version-history":[{"count":82,"href":"https:\/\/bubela.gal\/castellano\/wp-json\/wp\/v2\/pages\/315\/revisions"}],"predecessor-version":[{"id":1418,"href":"https:\/\/bubela.gal\/castellano\/wp-json\/wp\/v2\/pages\/315\/revisions\/1418"}],"wp:featuredmedia":[{"embeddable":true,"href":"https:\/\/bubela.gal\/castellano\/wp-json\/wp\/v2\/media\/539"}],"wp:attachment":[{"href":"https:\/\/bubela.gal\/castellano\/wp-json\/wp\/v2\/media?parent=315"}],"curies":[{"name":"wp","href":"https:\/\/api.w.org\/{rel}","templated":true}]}}