{"id":1317,"date":"2024-01-02T15:09:44","date_gmt":"2024-01-02T13:09:44","guid":{"rendered":"https:\/\/bubela.gal\/?post_type=product&#038;p=1317"},"modified":"2026-02-03T11:49:52","modified_gmt":"2026-02-03T09:49:52","slug":"cervexa-bubela-minha-eco-artesanal","status":"publish","type":"product","link":"http:\/\/bubela.gal\/castellano\/producto\/cervexa-bubela-minha-eco-artesanal","title":{"rendered":"Cerveza Bubela Minh\u00e1 Eco Artesanal"},"content":{"rendered":"<p>Cerveza <a href=\"https:\/\/bubela.gal\/cervexas-eco-bubela\">Bubela<\/a> Minh\u00e1 Eco Artesanal.<\/p>\n<p>Estilo K\u00f6lsch, unha &#8220;rubia&#8221; lixeira e bebible, pero sobre todo saborosa e refrescante. Sen glute<\/p>\n<p><a href=\"https:\/\/agacal.xunta.gal\/es\/calidad-alimentaria\/artesania-alimentaria\">Cerveza artesanal:<\/a> elaborada sin prisas para degustarla con calma.<\/p>\n<p><a href=\"https:\/\/www.craega.es\/o-selo\/#o-selo\">Cerveza ecol\u00f3gica:<\/a> con los mejores ingredientes de origen org\u00e1nico, cultivados sin agrot\u00f3xicos.<\/p>\n<p>Sin pasteurizar, libre de sulfitos y todo tipo de aditivos artificiales.<\/p>\n<p>Cerveza, nada m\u00e1s y nada menos.<\/p>\n<p>4,5% vol alcohol<\/p>\n<p>38,9Kcal\/100ml (162,8Kjul\/100ml)<\/p>\n<p>100% disfrute.<\/p>\n<p>&nbsp;<\/p>","protected":false},"excerpt":{"rendered":"<p>Cervexa Bubela Minh\u00e1 Eco Artesanal. Loura estilo K\u00f3lsch. Unha cervexa aut\u00e9ntica, lixeira e de baixa gradaci\u00f3n (4,5%vol.), sen glute, refrescante e saborosa<\/p>","protected":false},"featured_media":1394,"comment_status":"open","ping_status":"closed","template":"","meta":{"neve_meta_sidebar":"","neve_meta_container":"","neve_meta_enable_content_width":"off","neve_meta_content_width":100,"neve_meta_title_alignment":"","neve_meta_author_avatar":"","neve_post_elements_order":"","neve_meta_disable_header":"","neve_meta_disable_footer":"","neve_meta_disable_title":"","_themeisle_gutenberg_block_has_review":false},"product_brand":[],"product_cat":[37],"product_tag":[],"class_list":{"0":"post-1317","1":"product","2":"type-product","3":"status-publish","4":"has-post-thumbnail","6":"product_cat-cervexas-eco-artesanais","8":"first","9":"instock","10":"taxable","11":"shipping-taxable","12":"purchasable","13":"product-type-simple"},"jetpack_sharing_enabled":true,"_links":{"self":[{"href":"http:\/\/bubela.gal\/castellano\/wp-json\/wp\/v2\/product\/1317","targetHints":{"allow":["GET"]}}],"collection":[{"href":"http:\/\/bubela.gal\/castellano\/wp-json\/wp\/v2\/product"}],"about":[{"href":"http:\/\/bubela.gal\/castellano\/wp-json\/wp\/v2\/types\/product"}],"replies":[{"embeddable":true,"href":"http:\/\/bubela.gal\/castellano\/wp-json\/wp\/v2\/comments?post=1317"}],"version-history":[{"count":6,"href":"http:\/\/bubela.gal\/castellano\/wp-json\/wp\/v2\/product\/1317\/revisions"}],"predecessor-version":[{"id":1679,"href":"http:\/\/bubela.gal\/castellano\/wp-json\/wp\/v2\/product\/1317\/revisions\/1679"}],"wp:featuredmedia":[{"embeddable":true,"href":"http:\/\/bubela.gal\/castellano\/wp-json\/wp\/v2\/media\/1394"}],"wp:attachment":[{"href":"http:\/\/bubela.gal\/castellano\/wp-json\/wp\/v2\/media?parent=1317"}],"wp:term":[{"taxonomy":"product_brand","embeddable":true,"href":"http:\/\/bubela.gal\/castellano\/wp-json\/wp\/v2\/product_brand?post=1317"},{"taxonomy":"product_cat","embeddable":true,"href":"http:\/\/bubela.gal\/castellano\/wp-json\/wp\/v2\/product_cat?post=1317"},{"taxonomy":"product_tag","embeddable":true,"href":"http:\/\/bubela.gal\/castellano\/wp-json\/wp\/v2\/product_tag?post=1317"}],"curies":[{"name":"wp","href":"https:\/\/api.w.org\/{rel}","templated":true}]}}